{"id":162,"date":"2025-06-08T13:01:53","date_gmt":"2025-06-08T04:01:53","guid":{"rendered":"https:\/\/woocommercecore.mystagingwebsite.com\/product\/polo\/"},"modified":"2026-02-25T18:28:46","modified_gmt":"2026-02-25T09:28:46","slug":"mens-kimono","status":"publish","type":"product","link":"https:\/\/web.asakusakimono.com\/vi\/san-pham\/mens-kimono\/","title":{"rendered":"G\u00f3i d\u00e0nh cho nam gi\u1edbi 6.000 y\u00ean (kh\u00f4ng bao g\u1ed3m thu\u1ebf)"},"content":{"rendered":"<p>\u8fd9\u662f\u4e00\u4e2a\u7537\u58eb\u548c\u670d\u79df\u8d41\u5957\u88c5\uff01\u6211\u4eec\u6709\u591a\u79cd\u548c\u670d\u53ef\u4f9b\u9009\u62e9\uff0c\u4ece\u7b80\u7ea6\u7684\u7eaf\u8272\u548c\u670d\u5230\u5e26\u56fe\u6848\u7684\u548c\u670d\uff0c\u5e94\u6709\u5c3d\u6709\u3002<\/p>\n<p>B\u1ed9 trang ph\u1ee5c bao g\u1ed3m kimono, th\u1eaft l\u01b0ng, l\u1edbp l\u00f3t, \u0111\u1ed3 l\u00f3t, t\u1ea5t ki\u1ec3u Nh\u1eadt, gu\u1ed1c g\u1ed7, ph\u1ee5 ki\u1ec7n t\u00f3c, t\u00fai x\u00e1ch ki\u1ec3u Nh\u1eadt, thi\u1ebft k\u1ebf ki\u1ec3u t\u00f3c, d\u1ecbch v\u1ee5 m\u1eb7c trang ph\u1ee5c v\u00e0 d\u1ecbch v\u1ee5 gi\u1eef h\u00e0nh l\u00fd.<\/p>","protected":false},"excerpt":{"rendered":"<p>\u8fd9\u662f\u4e00\u4e2a\u7537\u58eb\u548c\u670d\u79df\u8d41\u5957\u88c5\uff01\u6211\u4eec\u6709\u591a\u79cd\u548c\u670d\u53ef\u4f9b\u9009\u62e9\uff0c\u4ece\u7b80\u7ea6\u7684\u7eaf\u8272\u548c\u670d\u5230\u5e26\u56fe\u6848\u7684\u548c\u670d\uff0c\u5e94\u6709\u5c3d\u6709\u3002 \u5957\u88c5\u5305\u542b\u548c\u670d\u3001\u8170&#8230;<\/p>","protected":false},"featured_media":532,"template":"","meta":[],"product_brand":[],"product_cat":[17,27],"product_tag":[],"mwb_booking_people":[],"mwb_booking_cost":[],"mwb_booking_service":[],"class_list":{"0":"post-162","1":"product","2":"type-product","3":"status-publish","4":"has-post-thumbnail","6":"product_cat-clothing","7":"product_cat-booking","9":"first","10":"instock","11":"virtual","12":"purchasable","13":"product-type-mwb_booking"},"_links":{"self":[{"href":"https:\/\/web.asakusakimono.com\/vi\/wp-json\/wp\/v2\/product\/162","targetHints":{"allow":["GET"]}}],"collection":[{"href":"https:\/\/web.asakusakimono.com\/vi\/wp-json\/wp\/v2\/product"}],"about":[{"href":"https:\/\/web.asakusakimono.com\/vi\/wp-json\/wp\/v2\/types\/product"}],"wp:featuredmedia":[{"embeddable":true,"href":"https:\/\/web.asakusakimono.com\/vi\/wp-json\/wp\/v2\/media\/532"}],"wp:attachment":[{"href":"https:\/\/web.asakusakimono.com\/vi\/wp-json\/wp\/v2\/media?parent=162"}],"wp:term":[{"taxonomy":"product_brand","embeddable":true,"href":"https:\/\/web.asakusakimono.com\/vi\/wp-json\/wp\/v2\/product_brand?post=162"},{"taxonomy":"product_cat","embeddable":true,"href":"https:\/\/web.asakusakimono.com\/vi\/wp-json\/wp\/v2\/product_cat?post=162"},{"taxonomy":"product_tag","embeddable":true,"href":"https:\/\/web.asakusakimono.com\/vi\/wp-json\/wp\/v2\/product_tag?post=162"},{"taxonomy":"mwb_booking_people","embeddable":true,"href":"https:\/\/web.asakusakimono.com\/vi\/wp-json\/wp\/v2\/mwb_booking_people?post=162"},{"taxonomy":"mwb_booking_cost","embeddable":true,"href":"https:\/\/web.asakusakimono.com\/vi\/wp-json\/wp\/v2\/mwb_booking_cost?post=162"},{"taxonomy":"mwb_booking_service","embeddable":true,"href":"https:\/\/web.asakusakimono.com\/vi\/wp-json\/wp\/v2\/mwb_booking_service?post=162"}],"curies":[{"name":"wp","href":"https:\/\/api.w.org\/{rel}","templated":true}]}}