{"id":161,"date":"2025-06-09T13:01:53","date_gmt":"2025-06-09T04:01:53","guid":{"rendered":"https:\/\/woocommercecore.mystagingwebsite.com\/product\/hoodie-with-zipper\/"},"modified":"2026-02-25T18:28:11","modified_gmt":"2026-02-25T09:28:11","slug":"child-kimono","status":"publish","type":"product","link":"https:\/\/web.asakusakimono.com\/vi\/san-pham\/child-kimono\/","title":{"rendered":"Ch\u01b0\u01a1ng tr\u00ecnh d\u00e0nh cho tr\u1ebb em 5.000 y\u00ean (kh\u00f4ng bao g\u1ed3m thu\u1ebf)"},"content":{"rendered":"<p>\u4e03\u4e94\u4e09\u662f\u65e5\u672c\u6bcf\u5e74\u4e3e\u884c\u7684\u5e86\u795d3\u5c81\u30015\u5c81\u548c7\u5c81\u513f\u7ae5\u6210\u957f\u7684\u6d3b\u52a8\u3002\u8fd9\u662f\u5728\u795e\u793e\u548c\u5bfa\u5e99\u62a5\u544a\u3001\u8868\u8fbe\u611f\u6069\u5e76\u7948\u613f\u7684\u4eea\u5f0f\u3002<\/p>\n<p>B\u1ed9 trang ph\u1ee5c bao g\u1ed3m kimono, th\u1eaft l\u01b0ng, l\u1edbp l\u00f3t, \u0111\u1ed3 l\u00f3t, t\u1ea5t ki\u1ec3u Nh\u1eadt, gu\u1ed1c g\u1ed7, ph\u1ee5 ki\u1ec7n t\u00f3c, t\u00fai x\u00e1ch ki\u1ec3u Nh\u1eadt, thi\u1ebft k\u1ebf ki\u1ec3u t\u00f3c, d\u1ecbch v\u1ee5 m\u1eb7c trang ph\u1ee5c v\u00e0 d\u1ecbch v\u1ee5 gi\u1eef h\u00e0nh l\u00fd.<\/p>","protected":false},"excerpt":{"rendered":"<p>\u4e03\u4e94\u4e09\u662f\u65e5\u672c\u6bcf\u5e74\u4e3e\u884c\u7684\u5e86\u795d3\u5c81\u30015\u5c81\u548c7\u5c81\u513f\u7ae5\u6210\u957f\u7684\u6d3b\u52a8\u3002\u8fd9\u662f\u5728\u795e\u793e\u548c\u5bfa\u5e99\u62a5\u544a\u3001\u8868\u8fbe\u611f\u6069\u5e76\u7948\u613f\u7684\u4eea\u5f0f\u3002 \u5957\u88c5\u5305&#8230;<\/p>","protected":false},"featured_media":529,"template":"","meta":[],"product_brand":[],"product_cat":[17,27],"product_tag":[],"mwb_booking_people":[],"mwb_booking_cost":[],"mwb_booking_service":[],"class_list":{"0":"post-161","1":"product","2":"type-product","3":"status-publish","4":"has-post-thumbnail","6":"product_cat-clothing","7":"product_cat-booking","9":"first","10":"instock","11":"virtual","12":"purchasable","13":"product-type-mwb_booking"},"_links":{"self":[{"href":"https:\/\/web.asakusakimono.com\/vi\/wp-json\/wp\/v2\/product\/161","targetHints":{"allow":["GET"]}}],"collection":[{"href":"https:\/\/web.asakusakimono.com\/vi\/wp-json\/wp\/v2\/product"}],"about":[{"href":"https:\/\/web.asakusakimono.com\/vi\/wp-json\/wp\/v2\/types\/product"}],"wp:featuredmedia":[{"embeddable":true,"href":"https:\/\/web.asakusakimono.com\/vi\/wp-json\/wp\/v2\/media\/529"}],"wp:attachment":[{"href":"https:\/\/web.asakusakimono.com\/vi\/wp-json\/wp\/v2\/media?parent=161"}],"wp:term":[{"taxonomy":"product_brand","embeddable":true,"href":"https:\/\/web.asakusakimono.com\/vi\/wp-json\/wp\/v2\/product_brand?post=161"},{"taxonomy":"product_cat","embeddable":true,"href":"https:\/\/web.asakusakimono.com\/vi\/wp-json\/wp\/v2\/product_cat?post=161"},{"taxonomy":"product_tag","embeddable":true,"href":"https:\/\/web.asakusakimono.com\/vi\/wp-json\/wp\/v2\/product_tag?post=161"},{"taxonomy":"mwb_booking_people","embeddable":true,"href":"https:\/\/web.asakusakimono.com\/vi\/wp-json\/wp\/v2\/mwb_booking_people?post=161"},{"taxonomy":"mwb_booking_cost","embeddable":true,"href":"https:\/\/web.asakusakimono.com\/vi\/wp-json\/wp\/v2\/mwb_booking_cost?post=161"},{"taxonomy":"mwb_booking_service","embeddable":true,"href":"https:\/\/web.asakusakimono.com\/vi\/wp-json\/wp\/v2\/mwb_booking_service?post=161"}],"curies":[{"name":"wp","href":"https:\/\/api.w.org\/{rel}","templated":true}]}}