{"id":159,"date":"2025-06-10T13:01:54","date_gmt":"2025-06-10T04:01:54","guid":{"rendered":"https:\/\/woocommercecore.mystagingwebsite.com\/product\/single\/"},"modified":"2026-02-25T18:27:42","modified_gmt":"2026-02-25T09:27:42","slug":"special-furisode-kimono","status":"publish","type":"product","link":"https:\/\/web.asakusakimono.com\/vi\/san-pham\/special-furisode-kimono\/","title":{"rendered":"G\u00f3i d\u1ecbch v\u1ee5 sang tr\u1ecdng 19.800 y\u00ean (ch\u01b0a bao g\u1ed3m thu\u1ebf)"},"content":{"rendered":"<p>\u8fd9\u662f\u6700\u6b63\u5f0f\u7684\u632f\u8896\u548c\u670d\u5957\u9910\u3002\u8d2d\u4e70\u4e00\u5957\u53ef\u80fd\u9700\u8981\u51e0\u5341\u4e07\u65e5\u5143\uff0c\u56e0\u6b64\u6211\u4eec\u63a8\u8350\u79df\u8d41\u3002<\/p>\n<p>G\u00f3i d\u1ecbch v\u1ee5 bao g\u1ed3m: kimono, obi, l\u00f3t trong, \u0111\u1ed3 l\u00f3t, tabi, zori, ph\u1ee5 ki\u1ec7n t\u00f3c, t\u00fai x\u00e1ch ki\u1ec3u Nh\u1eadt, thi\u1ebft k\u1ebf ki\u1ec3u t\u00f3c, d\u1ecbch v\u1ee5 m\u1eb7c kimono v\u00e0 d\u1ecbch v\u1ee5 gi\u1eef h\u00e0nh l\u00fd.<\/p>","protected":false},"excerpt":{"rendered":"<p>The most eye-catching! Get everyone&#8217;s attention with this gorgeous furisode.<\/p>","protected":false},"featured_media":531,"template":"","meta":[],"product_brand":[],"product_cat":[17,27],"product_tag":[],"mwb_booking_people":[],"mwb_booking_cost":[],"mwb_booking_service":[],"class_list":{"0":"post-159","1":"product","2":"type-product","3":"status-publish","4":"has-post-thumbnail","6":"product_cat-clothing","7":"product_cat-booking","9":"first","10":"instock","11":"virtual","12":"purchasable","13":"product-type-mwb_booking"},"_links":{"self":[{"href":"https:\/\/web.asakusakimono.com\/vi\/wp-json\/wp\/v2\/product\/159","targetHints":{"allow":["GET"]}}],"collection":[{"href":"https:\/\/web.asakusakimono.com\/vi\/wp-json\/wp\/v2\/product"}],"about":[{"href":"https:\/\/web.asakusakimono.com\/vi\/wp-json\/wp\/v2\/types\/product"}],"wp:featuredmedia":[{"embeddable":true,"href":"https:\/\/web.asakusakimono.com\/vi\/wp-json\/wp\/v2\/media\/531"}],"wp:attachment":[{"href":"https:\/\/web.asakusakimono.com\/vi\/wp-json\/wp\/v2\/media?parent=159"}],"wp:term":[{"taxonomy":"product_brand","embeddable":true,"href":"https:\/\/web.asakusakimono.com\/vi\/wp-json\/wp\/v2\/product_brand?post=159"},{"taxonomy":"product_cat","embeddable":true,"href":"https:\/\/web.asakusakimono.com\/vi\/wp-json\/wp\/v2\/product_cat?post=159"},{"taxonomy":"product_tag","embeddable":true,"href":"https:\/\/web.asakusakimono.com\/vi\/wp-json\/wp\/v2\/product_tag?post=159"},{"taxonomy":"mwb_booking_people","embeddable":true,"href":"https:\/\/web.asakusakimono.com\/vi\/wp-json\/wp\/v2\/mwb_booking_people?post=159"},{"taxonomy":"mwb_booking_cost","embeddable":true,"href":"https:\/\/web.asakusakimono.com\/vi\/wp-json\/wp\/v2\/mwb_booking_cost?post=159"},{"taxonomy":"mwb_booking_service","embeddable":true,"href":"https:\/\/web.asakusakimono.com\/vi\/wp-json\/wp\/v2\/mwb_booking_service?post=159"}],"curies":[{"name":"wp","href":"https:\/\/api.w.org\/{rel}","templated":true}]}}