{"id":158,"date":"2025-06-11T13:01:55","date_gmt":"2025-06-11T04:01:55","guid":{"rendered":"https:\/\/woocommercecore.mystagingwebsite.com\/product\/t-shirt-with-logo\/"},"modified":"2026-02-25T18:27:02","modified_gmt":"2026-02-25T09:27:02","slug":"furisode-kimono","status":"publish","type":"product","link":"https:\/\/web.asakusakimono.com\/vi\/san-pham\/furisode-kimono\/","title":{"rendered":"G\u00f3i d\u1ecbch v\u1ee5 Zensui 19.800 y\u00ean (kh\u00f4ng bao g\u1ed3m thu\u1ebf)"},"content":{"rendered":"<p>\u60a8\u53ef\u4ee5\u4ece\u591a\u79cd\u6b3e\u5f0f\u548c\u989c\u8272\u7684\u548c\u670d\u4e2d\u9009\u62e9\u3002\u8fd9\u91cc\u6709\u6700\u65b0\u56fe\u6848\u7684\u548c\u670d\u3001\u590d\u53e4\u548c\u670d\u4ee5\u53ca\u4e2a\u6027\u72ec\u7279\u7684\u548c\u670d\uff0c\u4f55\u4e0d\u7a7f\u4e0a\u5c5e\u4e8e\u81ea\u5df1\u7684\u539f\u521b\u88c5\u626e\u51fa\u95e8\u5462\uff1f<\/p>\n<p>B\u1ed9 trang ph\u1ee5c bao g\u1ed3m kimono, th\u1eaft l\u01b0ng, l\u1edbp l\u00f3t, \u0111\u1ed3 l\u00f3t, t\u1ea5t ki\u1ec3u Nh\u1eadt, gu\u1ed1c g\u1ed7, ph\u1ee5 ki\u1ec7n t\u00f3c, t\u00fai x\u00e1ch ki\u1ec3u Nh\u1eadt, thi\u1ebft k\u1ebf ki\u1ec3u t\u00f3c, d\u1ecbch v\u1ee5 m\u1eb7c trang ph\u1ee5c v\u00e0 d\u1ecbch v\u1ee5 gi\u1eef h\u00e0nh l\u00fd.<\/p>","protected":false},"excerpt":{"rendered":"<p>\u60a8\u53ef\u4ee5\u4ece\u591a\u79cd\u6b3e\u5f0f\u548c\u989c\u8272\u7684\u548c\u670d\u4e2d\u9009\u62e9\u3002\u8fd9\u91cc\u6709\u6700\u65b0\u56fe\u6848\u7684\u548c\u670d\u3001\u590d\u53e4\u548c\u670d\u4ee5\u53ca\u4e2a\u6027\u72ec\u7279\u7684\u548c\u670d\uff0c\u4f55\u4e0d\u7a7f\u4e0a\u5c5e\u4e8e\u81ea\u5df1\u7684\u539f\u521b\u88c5&#8230;<\/p>","protected":false},"featured_media":533,"template":"","meta":[],"product_brand":[],"product_cat":[17,27],"product_tag":[],"mwb_booking_people":[],"mwb_booking_cost":[],"mwb_booking_service":[],"class_list":{"0":"post-158","1":"product","2":"type-product","3":"status-publish","4":"has-post-thumbnail","6":"product_cat-clothing","7":"product_cat-booking","9":"first","10":"instock","11":"virtual","12":"purchasable","13":"product-type-mwb_booking"},"_links":{"self":[{"href":"https:\/\/web.asakusakimono.com\/vi\/wp-json\/wp\/v2\/product\/158","targetHints":{"allow":["GET"]}}],"collection":[{"href":"https:\/\/web.asakusakimono.com\/vi\/wp-json\/wp\/v2\/product"}],"about":[{"href":"https:\/\/web.asakusakimono.com\/vi\/wp-json\/wp\/v2\/types\/product"}],"wp:featuredmedia":[{"embeddable":true,"href":"https:\/\/web.asakusakimono.com\/vi\/wp-json\/wp\/v2\/media\/533"}],"wp:attachment":[{"href":"https:\/\/web.asakusakimono.com\/vi\/wp-json\/wp\/v2\/media?parent=158"}],"wp:term":[{"taxonomy":"product_brand","embeddable":true,"href":"https:\/\/web.asakusakimono.com\/vi\/wp-json\/wp\/v2\/product_brand?post=158"},{"taxonomy":"product_cat","embeddable":true,"href":"https:\/\/web.asakusakimono.com\/vi\/wp-json\/wp\/v2\/product_cat?post=158"},{"taxonomy":"product_tag","embeddable":true,"href":"https:\/\/web.asakusakimono.com\/vi\/wp-json\/wp\/v2\/product_tag?post=158"},{"taxonomy":"mwb_booking_people","embeddable":true,"href":"https:\/\/web.asakusakimono.com\/vi\/wp-json\/wp\/v2\/mwb_booking_people?post=158"},{"taxonomy":"mwb_booking_cost","embeddable":true,"href":"https:\/\/web.asakusakimono.com\/vi\/wp-json\/wp\/v2\/mwb_booking_cost?post=158"},{"taxonomy":"mwb_booking_service","embeddable":true,"href":"https:\/\/web.asakusakimono.com\/vi\/wp-json\/wp\/v2\/mwb_booking_service?post=158"}],"curies":[{"name":"wp","href":"https:\/\/api.w.org\/{rel}","templated":true}]}}