{"id":157,"date":"2025-06-07T13:01:55","date_gmt":"2025-06-07T04:01:55","guid":{"rendered":"https:\/\/woocommercecore.mystagingwebsite.com\/product\/beanie-with-logo\/"},"modified":"2026-02-12T16:58:31","modified_gmt":"2026-02-12T07:58:31","slug":"couple-kimono","status":"publish","type":"product","link":"https:\/\/web.asakusakimono.com\/vi\/san-pham\/couple-kimono\/","title":{"rendered":"G\u00f3i d\u00e0nh cho c\u1eb7p \u0111\u00f4i 12.000 y\u00ean (kh\u00f4ng bao g\u1ed3m thu\u1ebf)"},"content":{"rendered":"<p>\u5982\u679c\u662f\u7537\u5973\u60c5\u4fa3\u4e00\u8d77\u79df\u501f\uff0c\u7537\u58eb\u9009\u62e9\u7537\u58eb\u548c\u670d\uff0c\u5973\u58eb\u53ef\u4ee5\u9009\u62e9\u5c0f\u7eb9\u548c\u670d\u6216\u6d74\u8863\uff0c\u8d39\u7528\u4e3a11,000\u65e5\u5143\u3002<\/p>\n<p>\u79df\u501f\u5185\u5bb9\u53ef\u53c2\u8003\u5c0f\u7eb9\u65b9\u6848\uff0c\u5305\u542b\u548c\u670d\u3001\u8170\u5e26\u3001\u5185\u886c\u3001\u5185\u8863\u3001\u65e5\u5f0f\u889c\u5b50\u3001\u6728\u5c50\u3001\u53d1\u9970\u3001\u548c\u98ce\u5305\u3001\u53d1\u578b\u8bbe\u8ba1\u3001\u7a7f\u7740\u670d\u52a1\u4ee5\u53ca\u884c\u674e\u5bc4\u5b58\u670d\u52a1\u3002<\/p>","protected":false},"excerpt":{"rendered":"<p>\u5982\u679c\u662f\u7537\u5973\u60c5\u4fa3\u4e00\u8d77\u79df\u501f\uff0c\u7537\u58eb\u9009\u62e9\u7537\u58eb\u548c\u670d\uff0c\u5973\u58eb\u53ef\u4ee5\u9009\u62e9\u5c0f\u7eb9\u548c\u670d\u6216\u6d74\u8863\uff0c\u8d39\u7528\u4e3a11,000\u65e5\u5143\u3002 \u79df\u501f\u5185\u5bb9\u53ef\u53c2\u8003&#8230;<\/p>","protected":false},"featured_media":530,"template":"","meta":[],"product_brand":[],"product_cat":[17,27],"product_tag":[],"mwb_booking_people":[],"mwb_booking_cost":[],"mwb_booking_service":[],"class_list":{"0":"post-157","1":"product","2":"type-product","3":"status-publish","4":"has-post-thumbnail","6":"product_cat-clothing","7":"product_cat-booking","9":"first","10":"instock","11":"virtual","12":"purchasable","13":"product-type-mwb_booking"},"_links":{"self":[{"href":"https:\/\/web.asakusakimono.com\/vi\/wp-json\/wp\/v2\/product\/157","targetHints":{"allow":["GET"]}}],"collection":[{"href":"https:\/\/web.asakusakimono.com\/vi\/wp-json\/wp\/v2\/product"}],"about":[{"href":"https:\/\/web.asakusakimono.com\/vi\/wp-json\/wp\/v2\/types\/product"}],"wp:featuredmedia":[{"embeddable":true,"href":"https:\/\/web.asakusakimono.com\/vi\/wp-json\/wp\/v2\/media\/530"}],"wp:attachment":[{"href":"https:\/\/web.asakusakimono.com\/vi\/wp-json\/wp\/v2\/media?parent=157"}],"wp:term":[{"taxonomy":"product_brand","embeddable":true,"href":"https:\/\/web.asakusakimono.com\/vi\/wp-json\/wp\/v2\/product_brand?post=157"},{"taxonomy":"product_cat","embeddable":true,"href":"https:\/\/web.asakusakimono.com\/vi\/wp-json\/wp\/v2\/product_cat?post=157"},{"taxonomy":"product_tag","embeddable":true,"href":"https:\/\/web.asakusakimono.com\/vi\/wp-json\/wp\/v2\/product_tag?post=157"},{"taxonomy":"mwb_booking_people","embeddable":true,"href":"https:\/\/web.asakusakimono.com\/vi\/wp-json\/wp\/v2\/mwb_booking_people?post=157"},{"taxonomy":"mwb_booking_cost","embeddable":true,"href":"https:\/\/web.asakusakimono.com\/vi\/wp-json\/wp\/v2\/mwb_booking_cost?post=157"},{"taxonomy":"mwb_booking_service","embeddable":true,"href":"https:\/\/web.asakusakimono.com\/vi\/wp-json\/wp\/v2\/mwb_booking_service?post=157"}],"curies":[{"name":"wp","href":"https:\/\/api.w.org\/{rel}","templated":true}]}}