{"id":156,"date":"2025-06-13T13:01:55","date_gmt":"2025-06-13T05:01:55","guid":{"rendered":"https:\/\/woocommercecore.mystagingwebsite.com\/product\/logo-collection\/"},"modified":"2026-02-25T18:25:44","modified_gmt":"2026-02-25T09:25:44","slug":"lace-kimono","status":"publish","type":"product","link":"https:\/\/web.asakusakimono.com\/vi\/san-pham\/lace-kimono\/","title":{"rendered":"Lace Plan 5,300 y\u00ean (kh\u00f4ng bao g\u1ed3m thu\u1ebf)"},"content":{"rendered":"<p>Ch\u00fang t\u00f4i c\u00f3 nhi\u1ec1u lo\u1ea1i kimono c\u1ed5 \u0111i\u1ec3n \u0111\u01b0\u1ee3c \u01b0a chu\u1ed9ng, t\u1eeb nh\u1eefng m\u1eabu hoa v\u0103n \u0111\u00e1ng y\u00eau \u0111\u1ebfn nh\u1eefng thi\u1ebft k\u1ebf sang tr\u1ecdng v\u00e0 thanh l\u1ecbch. H\u00e3y t\u1eadn h\u01b0\u1edfng tr\u1ea3i nghi\u1ec7m \u0111\u1ed9c \u0111\u00e1o v\u1edbi kimono c\u1ed5 \u0111i\u1ec3n.<\/p>\n<p>B\u1ed9 trang ph\u1ee5c bao g\u1ed3m kimono, th\u1eaft l\u01b0ng, l\u1edbp l\u00f3t, \u0111\u1ed3 l\u00f3t, t\u1ea5t ki\u1ec3u Nh\u1eadt, gu\u1ed1c g\u1ed7, ph\u1ee5 ki\u1ec7n t\u00f3c, t\u00fai x\u00e1ch ki\u1ec3u Nh\u1eadt, thi\u1ebft k\u1ebf ki\u1ec3u t\u00f3c, d\u1ecbch v\u1ee5 m\u1eb7c trang ph\u1ee5c v\u00e0 d\u1ecbch v\u1ee5 gi\u1eef h\u00e0nh l\u00fd.<\/p>","protected":false},"excerpt":{"rendered":"<p>\u6211\u4eec\u6709\u591a\u79cd\u53d7\u6b22\u8fce\u7684\u53e4\u8463\u548c\u670d\uff0c\u4ece\u53ef\u7231\u7684\u82b1\u5349\u56fe\u6848\u5230\u6210\u719f\u5178\u96c5\u7684\u6b3e\u5f0f\uff0c\u5e94\u6709\u5c3d\u6709\u3002\u6b22\u8fce\u4eab\u53d7\u72ec\u4e00\u65e0\u4e8c\u7684\u590d\u53e4\u548c\u670d\u4f53\u9a8c\u3002 \u5957\u88c5&#8230;<\/p>","protected":false},"featured_media":542,"template":"","meta":[],"product_brand":[],"product_cat":[17,27],"product_tag":[],"mwb_booking_people":[],"mwb_booking_cost":[],"mwb_booking_service":[],"class_list":{"0":"post-156","1":"product","2":"type-product","3":"status-publish","4":"has-post-thumbnail","6":"product_cat-clothing","7":"product_cat-booking","9":"first","10":"instock","11":"virtual","12":"purchasable","13":"product-type-mwb_booking"},"_links":{"self":[{"href":"https:\/\/web.asakusakimono.com\/vi\/wp-json\/wp\/v2\/product\/156","targetHints":{"allow":["GET"]}}],"collection":[{"href":"https:\/\/web.asakusakimono.com\/vi\/wp-json\/wp\/v2\/product"}],"about":[{"href":"https:\/\/web.asakusakimono.com\/vi\/wp-json\/wp\/v2\/types\/product"}],"wp:featuredmedia":[{"embeddable":true,"href":"https:\/\/web.asakusakimono.com\/vi\/wp-json\/wp\/v2\/media\/542"}],"wp:attachment":[{"href":"https:\/\/web.asakusakimono.com\/vi\/wp-json\/wp\/v2\/media?parent=156"}],"wp:term":[{"taxonomy":"product_brand","embeddable":true,"href":"https:\/\/web.asakusakimono.com\/vi\/wp-json\/wp\/v2\/product_brand?post=156"},{"taxonomy":"product_cat","embeddable":true,"href":"https:\/\/web.asakusakimono.com\/vi\/wp-json\/wp\/v2\/product_cat?post=156"},{"taxonomy":"product_tag","embeddable":true,"href":"https:\/\/web.asakusakimono.com\/vi\/wp-json\/wp\/v2\/product_tag?post=156"},{"taxonomy":"mwb_booking_people","embeddable":true,"href":"https:\/\/web.asakusakimono.com\/vi\/wp-json\/wp\/v2\/mwb_booking_people?post=156"},{"taxonomy":"mwb_booking_cost","embeddable":true,"href":"https:\/\/web.asakusakimono.com\/vi\/wp-json\/wp\/v2\/mwb_booking_cost?post=156"},{"taxonomy":"mwb_booking_service","embeddable":true,"href":"https:\/\/web.asakusakimono.com\/vi\/wp-json\/wp\/v2\/mwb_booking_service?post=156"}],"curies":[{"name":"wp","href":"https:\/\/api.w.org\/{rel}","templated":true}]}}