{"id":155,"date":"2025-06-14T13:01:55","date_gmt":"2025-06-14T04:01:55","guid":{"rendered":"https:\/\/woocommercecore.mystagingwebsite.com\/product\/wordpress-pennant\/"},"modified":"2026-02-25T18:25:08","modified_gmt":"2026-02-25T09:25:08","slug":"komon-kimono","status":"publish","type":"product","link":"https:\/\/web.asakusakimono.com\/vi\/san-pham\/komon-kimono\/","title":{"rendered":"G\u00f3i d\u1ecbch v\u1ee5 nh\u1ecf 4.800 y\u00ean (ch\u01b0a bao g\u1ed3m thu\u1ebf)"},"content":{"rendered":"<p>\u0110\u00e2y l\u00e0 m\u1ed9t b\u1ed9 kimono cao c\u1ea5p, nh\u01b0 kimono th\u0103m vi\u1ebfng ho\u1eb7c kimono tay d\u00e0i, thu\u1ed9c lo\u1ea1i trang ph\u1ee5c b\u00e1n ch\u00ednh th\u1ee9c, c\u00f3 th\u1ec3 s\u1eed d\u1ee5ng trong c\u00e1c d\u1ecbp nh\u01b0 \u0111\u00e1m c\u01b0\u1edbi ho\u1eb7c ti\u1ec7c t\u00f9ng.<\/p>\n<p>G\u00f3i d\u1ecbch v\u1ee5 bao g\u1ed3m: kimono, obi, l\u00f3t trong, \u0111\u1ed3 l\u00f3t, tabi, zori, ph\u1ee5 ki\u1ec7n t\u00f3c, t\u00fai x\u00e1ch ki\u1ec3u Nh\u1eadt, thi\u1ebft k\u1ebf ki\u1ec3u t\u00f3c, d\u1ecbch v\u1ee5 m\u1eb7c kimono v\u00e0 d\u1ecbch v\u1ee5 gi\u1eef h\u00e0nh l\u00fd.<\/p>","protected":false},"excerpt":{"rendered":"<p>\u8fd9\u662f\u4e00\u5957\u9ad8\u6863\u7684\u548c\u670d\uff0c\u5982\u8bbf\u95ee\u7740\u6216\u7559\u8896\uff0c\u5c5e\u4e8e\u51c6\u6b63\u5f0f\u793c\u670d\uff0c\u53ef\u7528\u4e8e\u5a5a\u793c\u6216\u6d3e\u5bf9\u7b49\u573a\u5408\u3002 \u5957\u9910\u5305\u62ec\uff1a\u548c\u670d\u3001\u5e26\u5b50\u3001\u5185\u886c\u3001\u5185\u8863&#8230;<\/p>","protected":false},"featured_media":543,"template":"","meta":[],"product_brand":[],"product_cat":[17,27],"product_tag":[],"mwb_booking_people":[],"mwb_booking_cost":[],"mwb_booking_service":[],"class_list":{"0":"post-155","1":"product","2":"type-product","3":"status-publish","4":"has-post-thumbnail","6":"product_cat-clothing","7":"product_cat-booking","9":"first","10":"instock","11":"virtual","12":"purchasable","13":"product-type-mwb_booking"},"_links":{"self":[{"href":"https:\/\/web.asakusakimono.com\/vi\/wp-json\/wp\/v2\/product\/155","targetHints":{"allow":["GET"]}}],"collection":[{"href":"https:\/\/web.asakusakimono.com\/vi\/wp-json\/wp\/v2\/product"}],"about":[{"href":"https:\/\/web.asakusakimono.com\/vi\/wp-json\/wp\/v2\/types\/product"}],"wp:featuredmedia":[{"embeddable":true,"href":"https:\/\/web.asakusakimono.com\/vi\/wp-json\/wp\/v2\/media\/543"}],"wp:attachment":[{"href":"https:\/\/web.asakusakimono.com\/vi\/wp-json\/wp\/v2\/media?parent=155"}],"wp:term":[{"taxonomy":"product_brand","embeddable":true,"href":"https:\/\/web.asakusakimono.com\/vi\/wp-json\/wp\/v2\/product_brand?post=155"},{"taxonomy":"product_cat","embeddable":true,"href":"https:\/\/web.asakusakimono.com\/vi\/wp-json\/wp\/v2\/product_cat?post=155"},{"taxonomy":"product_tag","embeddable":true,"href":"https:\/\/web.asakusakimono.com\/vi\/wp-json\/wp\/v2\/product_tag?post=155"},{"taxonomy":"mwb_booking_people","embeddable":true,"href":"https:\/\/web.asakusakimono.com\/vi\/wp-json\/wp\/v2\/mwb_booking_people?post=155"},{"taxonomy":"mwb_booking_cost","embeddable":true,"href":"https:\/\/web.asakusakimono.com\/vi\/wp-json\/wp\/v2\/mwb_booking_cost?post=155"},{"taxonomy":"mwb_booking_service","embeddable":true,"href":"https:\/\/web.asakusakimono.com\/vi\/wp-json\/wp\/v2\/mwb_booking_service?post=155"}],"curies":[{"name":"wp","href":"https:\/\/api.w.org\/{rel}","templated":true}]}}